{"id":1853,"date":"2018-08-03T14:52:05","date_gmt":"2018-08-03T14:52:05","guid":{"rendered":"http:\/\/www.sonnentours.gr\/?page_id=1853"},"modified":"2018-08-03T14:55:48","modified_gmt":"2018-08-03T14:55:48","slug":"geheimtipps","status":"publish","type":"page","link":"https:\/\/www.sonnentours.gr\/?page_id=1853","title":{"rendered":"Tips"},"content":{"rendered":"<div id=\"metaslider-id-628\" style=\"max-width: 1000px;\" class=\"ml-slider-3-108-0 metaslider metaslider-flex metaslider-628 ml-slider has-dots-nav ms-theme-default\" role=\"region\" aria-label=\"Kultur und Landwirt\" data-height=\"600\" data-width=\"1000\">\n    <div id=\"metaslider_container_628\">\n        <div id=\"metaslider_628\">\n            <ul class='slides'>\n                <li style=\"display: block; width: 100%;\" class=\"slide-629 ms-image \" aria-roledescription=\"slide\" data-date=\"2018-02-13 12:38:11\" data-filename=\"tree-1754051_1920-1000x600.jpg\" data-slide-type=\"image\"><img data-recalc-dims=\"1\" loading=\"lazy\" decoding=\"async\" src=\"https:\/\/i0.wp.com\/www.sonnentours.gr\/wp-content\/uploads\/2018\/02\/tree-1754051_1920.jpg?resize=1000%2C600&#038;ssl=1\" height=\"600\" width=\"1000\" alt=\"\" class=\"slider-628 slide-629 msDefaultImage\" \/><div class=\"caption-wrap\"><div class=\"caption\">Olive tree<\/div><\/div><\/li>\n                <li style=\"display: none; width: 100%;\" class=\"slide-631 ms-image \" aria-roledescription=\"slide\" data-date=\"2018-02-13 12:38:59\" data-filename=\"augotaraho-804x482.jpg\" data-slide-type=\"image\"><img data-recalc-dims=\"1\" loading=\"lazy\" decoding=\"async\" src=\"https:\/\/i0.wp.com\/www.sonnentours.gr\/wp-content\/uploads\/2018\/02\/augotaraho.jpg?resize=1000%2C600&#038;ssl=1\" height=\"600\" width=\"1000\" alt=\"\" class=\"slider-628 slide-631 msDefaultImage\" \/><div class=\"caption-wrap\"><div class=\"caption\">Bottarga<\/div><\/div><\/li>\n                <li style=\"display: none; width: 100%;\" class=\"slide-1177 ms-image \" aria-roledescription=\"slide\" data-date=\"2018-05-08 12:29:41\" data-filename=\"9255892244_0f05d075ae_h-e1533805087453-743x446.jpg\" data-slide-type=\"image\"><img data-recalc-dims=\"1\" loading=\"lazy\" decoding=\"async\" src=\"https:\/\/i0.wp.com\/www.sonnentours.gr\/wp-content\/uploads\/2018\/02\/9255892244_0f05d075ae_h-e1533805087453-743x446.jpg?resize=1000%2C600&#038;ssl=1\" height=\"600\" width=\"1000\" alt=\"\" class=\"slider-628 slide-1177 msDefaultImage\" \/><div class=\"caption-wrap\"><div class=\"caption\">Delphi<\/div><\/div><\/li>\n                <li style=\"display: none; width: 100%;\" class=\"slide-632 ms-image \" aria-roledescription=\"slide\" data-date=\"2018-02-13 12:39:13\" data-filename=\"Olympia-s-e1533805525419-1000x600.jpg\" data-slide-type=\"image\"><img data-recalc-dims=\"1\" loading=\"lazy\" decoding=\"async\" src=\"https:\/\/i0.wp.com\/www.sonnentours.gr\/wp-content\/uploads\/2018\/02\/Olympia-s-e1533805525419-1000x600.jpg?resize=1000%2C600&#038;ssl=1\" height=\"600\" width=\"1000\" alt=\"\" class=\"slider-628 slide-632 msDefaultImage\" \/><div class=\"caption-wrap\"><div class=\"caption\">Olympia<\/div><\/div><\/li>\n                <li style=\"display: none; width: 100%;\" class=\"slide-1178 ms-image \" aria-roledescription=\"slide\" data-date=\"2018-05-08 12:30:27\" data-filename=\"DSC_0705_2000-e1533804045682-1000x600.jpg\" data-slide-type=\"image\"><img data-recalc-dims=\"1\" loading=\"lazy\" decoding=\"async\" src=\"https:\/\/i0.wp.com\/www.sonnentours.gr\/wp-content\/uploads\/2018\/05\/DSC_0705_2000-e1533804045682-1000x600.jpg?resize=1000%2C600&#038;ssl=1\" height=\"600\" width=\"1000\" alt=\"\" class=\"slider-628 slide-1178 msDefaultImage\" \/><div class=\"caption-wrap\"><div class=\"caption\">Diakofto - Kalavrita<\/div><\/div><\/li>\n                <li style=\"display: none; width: 100%;\" class=\"slide-1179 ms-image \" aria-roledescription=\"slide\" data-date=\"2018-05-08 12:30:55\" data-filename=\"3899651355_3ee3d3a397_o-e1533804491906-1000x600.jpg\" data-slide-type=\"image\"><img data-recalc-dims=\"1\" loading=\"lazy\" decoding=\"async\" src=\"https:\/\/i0.wp.com\/www.sonnentours.gr\/wp-content\/uploads\/2018\/02\/3899651355_3ee3d3a397_o-e1533804491906-1000x600.jpg?resize=1000%2C600&#038;ssl=1\" height=\"600\" width=\"1000\" alt=\"\" class=\"slider-628 slide-1179 msDefaultImage\" \/><div class=\"caption-wrap\"><div class=\"caption\">Nauplia<\/div><\/div><\/li>\n                <li style=\"display: none; width: 100%;\" class=\"slide-638 ms-image \" aria-roledescription=\"slide\" data-date=\"2018-02-13 12:45:09\" data-filename=\"acropolis-2047093_1920-1000x600.jpg\" data-slide-type=\"image\"><img data-recalc-dims=\"1\" loading=\"lazy\" decoding=\"async\" src=\"https:\/\/i0.wp.com\/www.sonnentours.gr\/wp-content\/uploads\/2018\/02\/acropolis-2047093_1920.jpg?resize=1000%2C600&#038;ssl=1\" height=\"600\" width=\"1000\" alt=\"\" class=\"slider-628 slide-638 msDefaultImage\" \/><div class=\"caption-wrap\"><div class=\"caption\">Athens<\/div><\/div><\/li>\n                <li style=\"display: none; width: 100%;\" class=\"slide-1181 ms-image \" aria-roledescription=\"slide\" data-date=\"2018-05-08 12:31:38\" data-filename=\"tomato-772237_1920-e1533804915652-1000x600.jpg\" data-slide-type=\"image\"><img data-recalc-dims=\"1\" loading=\"lazy\" decoding=\"async\" src=\"https:\/\/i0.wp.com\/www.sonnentours.gr\/wp-content\/uploads\/2018\/02\/tomato-772237_1920-e1533804915652-1000x600.jpg?resize=1000%2C600&#038;ssl=1\" height=\"600\" width=\"1000\" alt=\"\" class=\"slider-628 slide-1181 msDefaultImage\" \/><\/li>\n                <li style=\"display: none; width: 100%;\" class=\"slide-642 ms-image \" aria-roledescription=\"slide\" data-date=\"2018-02-13 12:49:02\" data-filename=\"DSC_6223s-e1533804840641-1000x600.jpg\" data-slide-type=\"image\"><img data-recalc-dims=\"1\" loading=\"lazy\" decoding=\"async\" src=\"https:\/\/i0.wp.com\/www.sonnentours.gr\/wp-content\/uploads\/2018\/02\/DSC_6223s-e1533804840641-1000x600.jpg?resize=1000%2C600&#038;ssl=1\" height=\"600\" width=\"1000\" alt=\"\" class=\"slider-628 slide-642 msDefaultImage\" \/><div class=\"caption-wrap\"><div class=\"caption\">Pistache trees<\/div><\/div><\/li>\n                <li style=\"display: none; width: 100%;\" class=\"slide-1180 ms-image \" aria-roledescription=\"slide\" data-date=\"2018-05-08 12:31:20\" data-filename=\"sunset-1627474_1920-e1533804087248-1000x600.jpg\" data-slide-type=\"image\"><img data-recalc-dims=\"1\" loading=\"lazy\" decoding=\"async\" src=\"https:\/\/i0.wp.com\/www.sonnentours.gr\/wp-content\/uploads\/2018\/05\/sunset-1627474_1920-e1533804087248-1000x600.jpg?resize=1000%2C600&#038;ssl=1\" height=\"600\" width=\"1000\" alt=\"\" class=\"slider-628 slide-1180 msDefaultImage\" \/><div class=\"caption-wrap\"><div class=\"caption\">Aegina <\/div><\/div><\/li>\n            <\/ul>\n        <\/div>\n        \n    <\/div>\n<\/div>\n<h5 style=\"text-align: center;\"><span style=\"color: #000000;\">Geheimtipps und Informationen f\u00fcr Griechenland\u00a0<\/span><\/h5>\n","protected":false},"excerpt":{"rendered":"<p>Geheimtipps und Informationen f\u00fcr Griechenland\u00a0<\/p>\n","protected":false},"author":1,"featured_media":0,"parent":0,"menu_order":0,"comment_status":"closed","ping_status":"closed","template":"","meta":{"footnotes":""},"class_list":["post-1853","page","type-page","status-publish","hentry"],"aioseo_notices":[],"jetpack_shortlink":"https:\/\/wp.me\/Pa7fFN-tT","jetpack-related-posts":[{"id":428,"url":"https:\/\/www.sonnentours.gr\/?page_id=428","url_meta":{"origin":1853,"position":0},"title":"Unsere Geschichte","author":"edaka","date":"10\/02\/2018","format":false,"excerpt":"Sonnen Tours and Cruises\u00a0ist bei der Ausarbeitung von Studien- und Bildungsreisen- Fachexkursionen nach Griechenland schon seit \u00fcber 35\u00a0Jahren Spezialist.Das antike und sonnige Griechenland bietet Ihnen eine gro\u00dfe Palette interessanter M\u00f6glichkeiten und wir unterst\u00fctzen Sie gerne bei Ihren Griechenlandreisepl\u00e4nen und arbeiten das ma\u00dfgeschneiderte Reisepacket auch f\u00fcr Ihre Busreisegruppen via Italien und\u2026","rel":"","context":"Similar post","block_context":{"text":"Similar post","link":""},"img":{"alt_text":"","src":"https:\/\/i0.wp.com\/wp.sonnentours.gr\/wp-content\/uploads\/2018\/02\/DSC00510d-e1518188064624.jpg?resize=350%2C200","width":350,"height":200},"classes":[]},{"id":734,"url":"https:\/\/www.sonnentours.gr\/?page_id=734","url_meta":{"origin":1853,"position":1},"title":"Reiseprogramme","author":"edaka","date":"13\/02\/2018","format":false,"excerpt":"Eine Reise in unserem Land ist die Begegnung mit landschaftlichen Elementen des Meeres, von seinen faszinierten Inseln und der Bergweld. Die Sehensw\u00fcrdigkeiten aus allen Geschichten und Epochen machen das Verst\u00e4dnis f\u00fcr den Ursprung unserer Zivilisation erfasbar. Die nat\u00fcrliche Gegebenheit in Verbindung mit modernen Infrastruktur sowie die Verbindung von Kultur und\u2026","rel":"","context":"Similar post","block_context":{"text":"Similar post","link":""},"img":{"alt_text":"","src":"","width":0,"height":0},"classes":[]},{"id":1356,"url":"https:\/\/www.sonnentours.gr\/?page_id=1356","url_meta":{"origin":1853,"position":2},"title":"Informationen","author":"edaka","date":"25\/05\/2018","format":false,"excerpt":"AGB Datenschutz","rel":"","context":"Similar post","block_context":{"text":"Similar post","link":""},"img":{"alt_text":"","src":"","width":0,"height":0},"classes":[]}],"jetpack_likes_enabled":true,"jetpack_sharing_enabled":true,"_links":{"self":[{"href":"https:\/\/www.sonnentours.gr\/index.php?rest_route=\/wp\/v2\/pages\/1853","targetHints":{"allow":["GET"]}}],"collection":[{"href":"https:\/\/www.sonnentours.gr\/index.php?rest_route=\/wp\/v2\/pages"}],"about":[{"href":"https:\/\/www.sonnentours.gr\/index.php?rest_route=\/wp\/v2\/types\/page"}],"author":[{"embeddable":true,"href":"https:\/\/www.sonnentours.gr\/index.php?rest_route=\/wp\/v2\/users\/1"}],"replies":[{"embeddable":true,"href":"https:\/\/www.sonnentours.gr\/index.php?rest_route=%2Fwp%2Fv2%2Fcomments&post=1853"}],"version-history":[{"count":3,"href":"https:\/\/www.sonnentours.gr\/index.php?rest_route=\/wp\/v2\/pages\/1853\/revisions"}],"predecessor-version":[{"id":1858,"href":"https:\/\/www.sonnentours.gr\/index.php?rest_route=\/wp\/v2\/pages\/1853\/revisions\/1858"}],"wp:attachment":[{"href":"https:\/\/www.sonnentours.gr\/index.php?rest_route=%2Fwp%2Fv2%2Fmedia&parent=1853"}],"curies":[{"name":"wp","href":"https:\/\/api.w.org\/{rel}","templated":true}]}}