{"id":731,"date":"2018-02-13T14:53:33","date_gmt":"2018-02-13T14:53:33","guid":{"rendered":"http:\/\/wp.sonnentours.gr\/?page_id=731"},"modified":"2018-08-01T11:16:02","modified_gmt":"2018-08-01T11:16:02","slug":"front-page","status":"publish","type":"page","link":"https:\/\/www.sonnentours.gr\/","title":{"rendered":"Front Page"},"content":{"rendered":"<p style=\"text-align: center;\">Sonnen Tours and Cruises Athen ist bei der Ausarbeitung von Studien- und Bildungsreisen- Fachexkursionen nach Griechenland schon seit \u00fcber 35 Jahren Spezialist.<\/p>\n<p style=\"text-align: center;\">Das antike und sonnige Griechenland bietet Ihnen eine gro\u00dfe Palette interessanter M\u00f6glichkeiten und wir unterst\u00fctzen Sie gerne bei Ihren Griechenlandreisepl\u00e4nen und arbeiten das ma\u00dfgeschneiderte Reisepacket auch f\u00fcr Ihre Busreisegruppen via Italien und Flugreisegruppen wie z.B. Volkshochschulen, Vereine, Verb\u00e4nde, religi\u00f6se Exkursionen, kunsthistorische oder landwirtschaftliche Fachgruppen aus.<\/p>\n","protected":false},"excerpt":{"rendered":"<p>Sonnen Tours and Cruises Athen ist bei der Ausarbeitung von Studien- und Bildungsreisen- Fachexkursionen nach Griechenland schon seit \u00fcber 35 &hellip; <a href=\"https:\/\/www.sonnentours.gr\/\" class=\"more-link\">Continue reading <span class=\"screen-reader-text\">Front Page<\/span><\/a><\/p>\n","protected":false},"author":1,"featured_media":0,"parent":0,"menu_order":0,"comment_status":"closed","ping_status":"closed","template":"page-templates\/template-home.php","meta":{"footnotes":""},"class_list":["post-731","page","type-page","status-publish","hentry"],"aioseo_notices":[],"jetpack_shortlink":"https:\/\/wp.me\/Pa7fFN-bN","jetpack-related-posts":[{"id":428,"url":"https:\/\/www.sonnentours.gr\/?page_id=428","url_meta":{"origin":731,"position":0},"title":"Unsere Geschichte","author":"edaka","date":"10\/02\/2018","format":false,"excerpt":"Sonnen Tours and Cruises\u00a0ist bei der Ausarbeitung von Studien- und Bildungsreisen- Fachexkursionen nach Griechenland schon seit \u00fcber 35\u00a0Jahren Spezialist.Das antike und sonnige Griechenland bietet Ihnen eine gro\u00dfe Palette interessanter M\u00f6glichkeiten und wir unterst\u00fctzen Sie gerne bei Ihren Griechenlandreisepl\u00e4nen und arbeiten das ma\u00dfgeschneiderte Reisepacket auch f\u00fcr Ihre Busreisegruppen via Italien und\u2026","rel":"","context":"Similar post","block_context":{"text":"Similar post","link":""},"img":{"alt_text":"","src":"https:\/\/i0.wp.com\/wp.sonnentours.gr\/wp-content\/uploads\/2018\/02\/DSC00510d-e1518188064624.jpg?resize=350%2C200","width":350,"height":200},"classes":[]},{"id":734,"url":"https:\/\/www.sonnentours.gr\/?page_id=734","url_meta":{"origin":731,"position":1},"title":"Reiseprogramme","author":"edaka","date":"13\/02\/2018","format":false,"excerpt":"Eine Reise in unserem Land ist die Begegnung mit landschaftlichen Elementen des Meeres, von seinen faszinierten Inseln und der Bergweld. Die Sehensw\u00fcrdigkeiten aus allen Geschichten und Epochen machen das Verst\u00e4dnis f\u00fcr den Ursprung unserer Zivilisation erfasbar. Die nat\u00fcrliche Gegebenheit in Verbindung mit modernen Infrastruktur sowie die Verbindung von Kultur und\u2026","rel":"","context":"Similar post","block_context":{"text":"Similar post","link":""},"img":{"alt_text":"","src":"","width":0,"height":0},"classes":[]}],"jetpack_likes_enabled":true,"jetpack_sharing_enabled":true,"_links":{"self":[{"href":"https:\/\/www.sonnentours.gr\/index.php?rest_route=\/wp\/v2\/pages\/731","targetHints":{"allow":["GET"]}}],"collection":[{"href":"https:\/\/www.sonnentours.gr\/index.php?rest_route=\/wp\/v2\/pages"}],"about":[{"href":"https:\/\/www.sonnentours.gr\/index.php?rest_route=\/wp\/v2\/types\/page"}],"author":[{"embeddable":true,"href":"https:\/\/www.sonnentours.gr\/index.php?rest_route=\/wp\/v2\/users\/1"}],"replies":[{"embeddable":true,"href":"https:\/\/www.sonnentours.gr\/index.php?rest_route=%2Fwp%2Fv2%2Fcomments&post=731"}],"version-history":[{"count":1,"href":"https:\/\/www.sonnentours.gr\/index.php?rest_route=\/wp\/v2\/pages\/731\/revisions"}],"predecessor-version":[{"id":732,"href":"https:\/\/www.sonnentours.gr\/index.php?rest_route=\/wp\/v2\/pages\/731\/revisions\/732"}],"wp:attachment":[{"href":"https:\/\/www.sonnentours.gr\/index.php?rest_route=%2Fwp%2Fv2%2Fmedia&parent=731"}],"curies":[{"name":"wp","href":"https:\/\/api.w.org\/{rel}","templated":true}]}}